{"id":3870,"date":"2024-01-25T21:26:55","date_gmt":"2024-01-26T00:26:55","guid":{"rendered":"https:\/\/visitegaropaba.tur.br\/?page_id=3870"},"modified":"2025-10-30T23:54:20","modified_gmt":"2025-10-31T02:54:20","slug":"politica-de-privacidade","status":"publish","type":"page","link":"https:\/\/visitegaropaba.tur.br\/es\/politica-de-privacidade\/","title":{"rendered":"Pol\u00edtica de privacidad"},"content":{"rendered":"<div data-elementor-type=\"wp-page\" data-elementor-id=\"3870\" class=\"elementor elementor-3870\" data-elementor-post-type=\"page\">\n\t\t\t\t<div class=\"elementor-element elementor-element-ad193a3 e-flex e-con-boxed e-con e-parent\" data-id=\"ad193a3\" data-element_type=\"container\">\n\t\t\t\t\t<div class=\"e-con-inner\">\n\t\t\t\t<div class=\"elementor-element elementor-element-7bd896d elementor-widget elementor-widget-heading\" data-id=\"7bd896d\" data-element_type=\"widget\" data-widget_type=\"heading.default\">\n\t\t\t\t<div class=\"elementor-widget-container\">\n\t\t\t\t\t<h1 class=\"elementor-heading-title elementor-size-default\">Pol\u00edtica de privacidad<\/h1>\t\t\t\t<\/div>\n\t\t\t\t<\/div>\n\t\t\t\t<div class=\"elementor-element elementor-element-15d6759 elementor-widget elementor-widget-text-editor\" data-id=\"15d6759\" data-element_type=\"widget\" data-widget_type=\"text-editor.default\">\n\t\t\t\t<div class=\"elementor-widget-container\">\n\t\t\t\t\t\t\t\t\t<p data-start=\"157\" data-end=\"678\">A trav\u00e9s de este instrumento, el sitio web otorga a todos los &quot;USUARIOS&quot;, es decir, aquellos que accedan y se registren en la Plataforma proporcionada, comenzando as\u00ed a disfrutar de los servicios ofrecidos a trav\u00e9s de ella, el conocimiento pleno e inequ\u00edvoco respecto de las reglas establecidas en esta Pol\u00edtica de Privacidad, as\u00ed como respecto del m\u00e9todo de recolecci\u00f3n de informaci\u00f3n y procesamiento de datos, de conformidad con lo dispuesto en las Leyes n\u00ba 12.965\/2014 (Marco Civil da Internet) y 13.709\/2018 (LGPD), y dem\u00e1s condiciones establecidas a continuaci\u00f3n.<\/p><p data-start=\"680\" data-end=\"918\">RECOMENDAMOS LEER DETENIDAMENTE ESTE DOCUMENTO. DESCRIBE LA FORMA EN QUE SE TRATA LA INFORMACI\u00d3N PERSONAL QUE USTED PROPORCIONA PARA ACCEDER A NUESTRO SITIO WEB Y UTILIZAR NUESTROS SERVICIOS, AS\u00cd COMO LAS CONDICIONES DE LOS PROPIOS SERVICIOS.<\/p><p data-start=\"920\" data-end=\"1134\">Al leer el texto a continuaci\u00f3n y hacer clic en \u201cHe le\u00eddo y acepto\u201d, usted afirma que conoce y comprende los t\u00e9rminos y condiciones de esta Pol\u00edtica de Privacidad, aceptando quedar sujeto a sus condiciones libre y voluntariamente.<\/p><hr data-start=\"1136\" data-end=\"1139\" \/><h3 data-start=\"1141\" data-end=\"1164\">CAP\u00cdTULO I \u2013 OBJETO<\/h3><p data-start=\"1166\" data-end=\"1391\"><strong data-start=\"1166\" data-end=\"1178\">Art\u00edculo 1.<\/strong> La presente Pol\u00edtica de Privacidad regir\u00e1 la relaci\u00f3n entre: (i) el USUARIO y el sitio web; y (ii) el USUARIO y AdOpt, siempre que el USUARIO opte por ser parte de la misma, seg\u00fan lo dispuesto en los T\u00e9rminos de Uso de la Plataforma AdOpt.<\/p><p data-start=\"1393\" data-end=\"1670\"><strong data-start=\"1393\" data-end=\"1405\">Art\u00edculo 2.<\/strong> Es responsabilidad exclusiva del USUARIO cumplir con la legislaci\u00f3n vigente en materia de protecci\u00f3n de datos personales de las personas f\u00edsicas (en adelante \u201cinteresados\u201d, seg\u00fan el art\u00edculo 5, V, LGPD) con las que mantenga o pueda mantener relaciones en el desarrollo de su actividad empresarial.<\/p><p data-start=\"1672\" data-end=\"2201\"><strong data-start=\"1672\" data-end=\"1684\">Art\u00edculo 3.<\/strong> El USUARIO declara ser consciente de que AdOpt es un entorno creado para que la informaci\u00f3n circule de forma segura en un entorno restringido compartido con diversos otros agentes de tratamiento de datos (art. 5, IX, LGPD), cuyas reglas deben ser respetadas, as\u00ed como las preferencias de privacidad y protecci\u00f3n de los titulares de datos personales que acceden a sus respectivos sitios web, aplicaciones y plataformas, as\u00ed como facilitar su navegaci\u00f3n por Internet, o con quienes el USUARIO pueda entrar en contacto con datos personales.<\/p><hr data-start=\"2203\" data-end=\"2206\" \/><h3 data-start=\"2208\" data-end=\"2248\">CAP\u00cdTULO II \u2013 POSICIONES JUR\u00cdDICAS<\/h3><p data-start=\"2250\" data-end=\"2596\"><strong data-start=\"2250\" data-end=\"2262\">Art\u00edculo 4.<\/strong> El USUARIO reconoce que, en relaci\u00f3n con el sitio web, act\u00faa como RESPONSABLE DEL TRATAMIENTO (art. 5\u00ba, VI, LGPD) de los datos personales de todas las personas f\u00edsicas que naveguen por sus respectivos sitios web, aplicaciones y plataformas, as\u00ed como faciliten su navegaci\u00f3n por Internet, o con quienes el USUARIO pueda entrar en contacto con datos personales.<\/p><p data-start=\"2598\" data-end=\"2839\"><strong data-start=\"2598\" data-end=\"2610\">Art\u00edculo 5.<\/strong> El USUARIO reconoce que, en relaci\u00f3n con ellos, el sitio web act\u00faa como OPERADOR (art. 5\u00ba, VII, LGPD) y que, por tanto, act\u00faa por cuenta del USUARIO, quien es considerado a todos los efectos legales como RESPONSABLE del tratamiento de los datos personales.<\/p><p data-start=\"2841\" data-end=\"3278\">\u00a71. Debido a la contrataci\u00f3n de los servicios prestados por el sitio web al USUARIO, seg\u00fan lo estipulado en las Condiciones de Uso de la Plataforma AdOpt, cualquier posible violaci\u00f3n de la protecci\u00f3n de datos de los titulares de los datos relacionados con el USUARIO deber\u00e1 ser informada al sitio web oportunamente para que se puedan tomar las medidas necesarias para prevenir dichas violaciones o, cuando sea imposible prevenirlas, para mitigar los riesgos inherentes al caso espec\u00edfico.<\/p><p data-start=\"3280\" data-end=\"3582\">\u00a72. El USUARIO reconoce que el sitio web no es responsable del tratamiento de datos personales de los interesados realizado en cumplimiento del contrato, seg\u00fan lo previsto en las Condiciones de Uso de la Plataforma AdOpt, ni de las acciones realizadas para atender sus solicitudes.<\/p><p data-start=\"3584\" data-end=\"3960\">\u00a73. El USUARIO reconoce que el sitio web es un simple proveedor de servicios para gestionar el consentimiento de los interesados que visitan sitios web, plataformas, aplicaciones de internet y otros medios donde el USUARIO puede ofrecer sus servicios, y es su responsabilidad brindar orientaci\u00f3n sobre el tratamiento l\u00edcito de los datos personales de dichos interesados.<\/p><p data-start=\"3962\" data-end=\"4300\"><strong data-start=\"3962\" data-end=\"3974\">Art\u00edculo 6.<\/strong> El USUARIO reconoce que AdOpt est\u00e1 compuesto por varias otras empresas que tambi\u00e9n act\u00faan como CONTROLADORES de los datos personales de los titulares de los datos, y por tanto debe respetar plenamente las normas de la Plataforma AdOpt, y adoptar las mejores pr\u00e1cticas para posibilitar el tratamiento legal y leg\u00edtimo de los datos personales.<\/p><p data-start=\"4302\" data-end=\"4505\"><strong data-start=\"4302\" data-end=\"4314\">Art\u00edculo 7.<\/strong> El USUARIO no podr\u00e1 oponerse, sin causa justificada, a que se compartan los datos personales de los titulares de los datos con los que tenga contacto directo por cuenta de AdOpt, o de cualquiera de sus partes integrantes.<\/p><p data-start=\"4507\" data-end=\"4995\"><strong data-start=\"4507\" data-end=\"4519\">Art\u00edculo 8.<\/strong> El USUARIO declara que la recogida, almacenamiento, utilizaci\u00f3n y compartici\u00f3n de datos personales a favor de AdOpt se realiz\u00f3 en perfecta conformidad con las bases legales previstas en los art\u00edculos 7 y 11 de la LGPD (Ley General de Protecci\u00f3n de Datos de Brasil), habiendo obtenido el consentimiento informado, libre, inequ\u00edvoco y espec\u00edfico del titular de los datos para su tratamiento, y que observ\u00f3 los principios de finalidad, adecuaci\u00f3n, necesidad, libre acceso, calidad, transparencia, seguridad, prevenci\u00f3n y no discriminaci\u00f3n (art. 6, LGPD).<\/p><hr data-start=\"4997\" data-end=\"5000\" \/><h3 data-start=\"5002\" data-end=\"5046\">CAP\u00cdTULO III \u2013 OBLIGACIONES DEL USUARIO<\/h3><p data-start=\"5048\" data-end=\"5094\"><strong data-start=\"5048\" data-end=\"5060\">Art\u00edculo 9.<\/strong> Las obligaciones del USUARIO incluyen:<\/p><ul data-start=\"5096\" data-end=\"7052\"><li data-start=\"5096\" data-end=\"5320\"><p data-start=\"5098\" data-end=\"5320\">Respetar la legislaci\u00f3n vigente, especialmente en lo que respecta a los t\u00edtulos jur\u00eddicos que se refieren a la protecci\u00f3n de la privacidad y protecci\u00f3n de datos personales de los titulares, y, aunque a\u00fan no est\u00e1 en vigor, tambi\u00e9n la Ley N\u00b0 13.709\/2018.<\/p><\/li><li data-start=\"5321\" data-end=\"5962\"><p data-start=\"5323\" data-end=\"5962\">Al procesar datos personales, seg\u00fan lo definido en el art\u00edculo 5, X, de la Ley n.\u00ba 13.709\/2018 (LGPD), el USUARIO se compromete, bajo su exclusiva responsabilidad, a implementar su propia pol\u00edtica de privacidad, proporcionando las aclaraciones necesarias a los titulares de los datos afectados por sus acciones con respecto a la recopilaci\u00f3n de datos, alert\u00e1ndolos, entre otras cosas, sobre qu\u00e9 datos se recopilar\u00e1n, el per\u00edodo de almacenamiento de los datos, as\u00ed como la finalidad de la recopilaci\u00f3n, proporcionando, siempre que sea posible, una opci\u00f3n para que el USUARIO utilice dichos servicios sin que se recopilen sus datos personales.<\/p><\/li><li data-start=\"5963\" data-end=\"6054\"><p data-start=\"5965\" data-end=\"6054\">Tomar todas las medidas necesarias para obtener el consentimiento v\u00e1lido del interesado.<\/p><\/li><li data-start=\"6055\" data-end=\"6355\"><p data-start=\"6057\" data-end=\"6355\">Notificar inmediatamente al sitio web, siempre que sea necesario y bajo su exclusiva responsabilidad, las solicitudes de titulares de datos que ejerzan sus derechos conforme al art\u00edculo 18 de la LGPD (Ley General de Protecci\u00f3n de Datos de Brasil), especialmente en los casos de revocaci\u00f3n del consentimiento, o solicitudes de rectificaci\u00f3n y eliminaci\u00f3n de datos de los titulares de los datos.<\/p><\/li><li data-start=\"6356\" data-end=\"6507\"><p data-start=\"6358\" data-end=\"6507\">Eliminar de su base de datos todos los datos personales de los titulares de datos que revoquen su consentimiento o soliciten la supresi\u00f3n de sus datos personales.<\/p><\/li><li data-start=\"6508\" data-end=\"6703\"><p data-start=\"6510\" data-end=\"6703\">Adoptar medidas de seguridad de la informaci\u00f3n l\u00f3gicas y f\u00edsicas que sean compatibles con los riesgos de sus actividades y los est\u00e1ndares del mercado, cumpliendo, en su caso, con las normas regulatorias pertinentes.<\/p><\/li><li data-start=\"6704\" data-end=\"6953\"><p data-start=\"6706\" data-end=\"6953\">Incluir en sus T\u00e9rminos de Uso y Pol\u00edticas de Privacidad las cl\u00e1usulas necesarias para comunicar de forma clara e inequ\u00edvoca la recolecci\u00f3n de datos personales de los titulares de los datos y la compartici\u00f3n de datos autorizada por el titular de los datos a favor de la Red AdOpt.<\/p><\/li><li data-start=\"6954\" data-end=\"7052\"><p data-start=\"6956\" data-end=\"7052\">Cargue su Pol\u00edtica de Privacidad en la Plataforma AdOpt, seg\u00fan el campo correspondiente.<\/p><\/li><\/ul><hr data-start=\"7054\" data-end=\"7057\" \/><h3 data-start=\"7059\" data-end=\"7098\">CAP\u00cdTULO IV \u2013 RESPONSABILIDADES<\/h3><p data-start=\"7100\" data-end=\"7531\"><strong data-start=\"7100\" data-end=\"7112\">Arte. 10.<\/strong> El uso de los datos personales de los interesados a los que acceda el USUARIO a trav\u00e9s de la Plataforma AdOpt es responsabilidad exclusiva del USUARIO, y el sitio web no se responsabiliza de ning\u00fan da\u00f1o derivado de dicho uso. El USUARIO reconoce ser el \u00fanico responsable de las acciones de sus agentes en el uso de la Plataforma AdOpt, as\u00ed como de determinar si estas acciones son consistentes con los resultados esperados.<\/p><p data-start=\"7533\" data-end=\"8112\"><strong data-start=\"7533\" data-end=\"7545\">Arte. 11.<\/strong> El USUARIO reconoce que es de su exclusiva responsabilidad:<br \/>(i) el contenido de sus propias Pol\u00edticas de Privacidad y\/o T\u00e9rminos de Uso de sus sitios web, plataformas, aplicaciones de internet y otros veh\u00edculos en los cuales ponga a disposici\u00f3n sus servicios;<br data-start=\"7791\" data-end=\"7794\" \/>(ii) la adopci\u00f3n de medidas necesarias para observar la privacidad y protecci\u00f3n de los datos personales de los titulares de los datos cuyos datos puedan ser tratados por el USUARIO, o por el sitio web, en su calidad de operador (art. 5, VII, Ley n\u00ba 13.709\/2018); y<br data-start=\"8037\" data-end=\"8040\" \/>(iii) la adopci\u00f3n de medidas de seguridad f\u00edsica y l\u00f3gica de la informaci\u00f3n.<\/p><p data-start=\"8114\" data-end=\"8549\"><strong data-start=\"8114\" data-end=\"8126\">Arte. 12.<\/strong> El USUARIO reconoce que, para beneficiarse de los servicios que incluyen la participaci\u00f3n en AdOpt, deber\u00e1 adoptar obligatoriamente las cl\u00e1usulas preestablecidas, incorpor\u00e1ndolas \u00edntegramente a su propia Pol\u00edtica de Privacidad\/T\u00e9rminos de Uso\/Pol\u00edtica de Cookies, o instrumento similar, y ser\u00e1 responsable de cualquier da\u00f1o directo, indirecto y consecuencial de cualquier naturaleza causado por el incumplimiento de esta cl\u00e1usula.<\/p><p data-start=\"8551\" data-end=\"8707\"><strong data-start=\"8551\" data-end=\"8563\">Arte. 13.<\/strong> Cualquier da\u00f1o demostrablemente causado al USUARIO ser\u00e1 indemnizado hasta el l\u00edmite del importe pagado por el USUARIO hasta el momento en que se produjo el da\u00f1o.<\/p><p data-start=\"8709\" data-end=\"8871\">Y estando de acuerdo las PARTES, el USUARIO manifiesta su aceptaci\u00f3n del presente instrumento, para que el mismo produzca todos los efectos legales y f\u00e1cticos.<\/p><p data-start=\"8873\" data-end=\"8897\"><strong data-start=\"8873\" data-end=\"8895\">15 de mayo de 2023<\/strong><\/p><p data-start=\"8899\" data-end=\"8914\"><strong data-start=\"8899\" data-end=\"8914\">HE LE\u00cdDO Y ACEPTADO<\/strong><\/p>\t\t\t\t\t\t\t\t<\/div>\n\t\t\t\t<\/div>\n\t\t\t\t\t<\/div>\n\t\t\t\t<\/div>\n\t\t\t\t<\/div>","protected":false},"excerpt":{"rendered":"<p>Pol\u00edtica de Privacidade Pelo presente instrumento, o site confere a todos os \u201cUSU\u00c1RIOS\u201d, ou seja, aqueles que acessarem e efetivarem cadastro na Plataforma disponibilizada, passando assim a usufruir dos servi\u00e7os por meio dela prestados, o pleno e inequ\u00edvoco conhecimento a respeito das regras dispostas na presente Pol\u00edtica de Privacidade, bem como acerca da forma de [&hellip;]<\/p>","protected":false},"author":1,"featured_media":0,"parent":0,"menu_order":0,"comment_status":"closed","ping_status":"closed","template":"","meta":{"footnotes":""},"class_list":["post-3870","page","type-page","status-publish","hentry"],"_links":{"self":[{"href":"https:\/\/visitegaropaba.tur.br\/es\/wp-json\/wp\/v2\/pages\/3870","targetHints":{"allow":["GET"]}}],"collection":[{"href":"https:\/\/visitegaropaba.tur.br\/es\/wp-json\/wp\/v2\/pages"}],"about":[{"href":"https:\/\/visitegaropaba.tur.br\/es\/wp-json\/wp\/v2\/types\/page"}],"author":[{"embeddable":true,"href":"https:\/\/visitegaropaba.tur.br\/es\/wp-json\/wp\/v2\/users\/1"}],"replies":[{"embeddable":true,"href":"https:\/\/visitegaropaba.tur.br\/es\/wp-json\/wp\/v2\/comments?post=3870"}],"version-history":[{"count":0,"href":"https:\/\/visitegaropaba.tur.br\/es\/wp-json\/wp\/v2\/pages\/3870\/revisions"}],"wp:attachment":[{"href":"https:\/\/visitegaropaba.tur.br\/es\/wp-json\/wp\/v2\/media?parent=3870"}],"curies":[{"name":"gracias","href":"https:\/\/api.w.org\/{rel}","templated":true}]}}